{"id":1449,"date":"2023-08-16T15:38:07","date_gmt":"2023-08-16T13:38:07","guid":{"rendered":"https:\/\/medinord.net\/legal-notice\/"},"modified":"2023-08-16T15:57:54","modified_gmt":"2023-08-16T13:57:54","slug":"legal-notice","status":"publish","type":"page","link":"https:\/\/medinord.net\/en\/legal-notice\/","title":{"rendered":"Legal Notice"},"content":{"rendered":"<p><strong>INTRODUCCI\u00d3N<\/strong><\/p>\n<p>En cumplimiento de la Ley 34\/2002, de 11 de julio, de Servicios de la Sociedad de la Informaci\u00f3n y de Comercio Electr\u00f3nico (LSSI-CE), CONSULTAS MEDICAS NORTE DE MALLORCA SL informa que es titular del sitio web. <br \/>De acuerdo con la exigencia del art\u00edculo 10 de la citada Ley, CONSULTAS MEDICAS NORTE DE MALLORCA SL informa de los siguientes datos:<\/p>\n<ul>\n<li><strong>RAZ\u00d3N SOCIAL<\/strong>. CONSULTAS MEDICAS NORTE DE MALLORCA SL<\/li>\n<li><strong>NIF<\/strong>. B57478752<\/li>\n<li><strong>DIRECCI\u00d3N POSTAL<\/strong>. MAIRATA 5 2 07300, INCA (ILLES BALEARS)<\/li>\n<li><strong>DIRECCI\u00d3N ELECTR\u00d3NICA<\/strong>. gjfluxa@icaib.org<\/li>\n<li><strong>TEL\u00c9FONOS<\/strong>. 685872255<\/li>\n<li><strong>REGISTRO MERCANTIL<\/strong>. tomo &#8230;&#8230;&#8230;&#8230;&#8230;&#8230;&#8230;&#8230;, folio &#8230;&#8230;&#8230;&#8230;&#8230;&#8230;&#8230;&#8230;, hoja &#8230;&#8230;&#8230;&#8230;&#8230;&#8230;&#8230;&#8230; e inscripci\u00f3n &#8230;&#8230;&#8230;&#8230;&#8230;&#8230;&#8230;&#8230;<\/li>\n<li><strong>OBJETO PRINCIPAL<\/strong> &#8230;&#8230;&#8230;&#8230;&#8230;&#8230;&#8230;&#8230;<\/li>\n<\/ul>\n<p><strong>USUARIO Y R\u00c9GIMEN DE RESPONSABILIDADES<\/strong><\/p>\n<p>La navegaci\u00f3n, acceso y uso por el sitio web de CONSULTAS MEDICAS NORTE DE MALLORCA SL confiere la condici\u00f3n de usuario, por la que se aceptan, desde la navegaci\u00f3n por el sitio web de CONSULTAS MEDICAS NORTE DE MALLORCA SL, todas las condiciones de uso aqu\u00ed establecidas sin perjuicio de la aplicaci\u00f3n de la correspondiente normativa de obligado cumplimiento legal seg\u00fan el caso.<\/p>\n<p>El sitio web de CONSULTAS MEDICAS NORTE DE MALLORCA SL proporciona gran diversidad de informaci\u00f3n, servicios y datos. El usuario asume su responsabilidad en el uso correcto del sitio web. Esta responsabilidad se extender\u00e1 a:<\/p>\n<ul>\n<li>La veracidad y licitud de las informaciones aportadas por el usuario en los formularios extendidos por CONSULTAS MEDICAS NORTE DE MALLORCA SL para el acceso a ciertos contenidos o servicios ofrecidos por el web.<\/li>\n<li>El uso de la informaci\u00f3n, servicios y datos ofrecidos por CONSULTAS MEDICAS NORTE DE MALLORCA SL contrariamente a lo dispuesto por las presentes condiciones, la Ley, la moral, las buenas costumbres o el orden p\u00fablico, o que de cualquier otro modo puedan suponer lesi\u00f3n de los derechos de terceros o del mismo funcionamiento del sitio web.<\/li>\n<\/ul>\n<p>&nbsp;<\/p>\n<p><strong>POL\u00cdTICA DE ENLACES Y EXENCIONES DE RESPONSABILIDAD<\/strong><\/p>\n<p>CONSULTAS MEDICAS NORTE DE MALLORCA SL no se hace responsable del contenido de los sitios web a los que el usuario pueda acceder a trav\u00e9s de los enlaces establecidos en su sitio web y declara que en ning\u00fan caso proceder\u00e1 a examinar o ejercitar ning\u00fan tipo de control sobre el contenido de otros sitios de la red. Asimismo, tampoco garantizar\u00e1 la disponibilidad t\u00e9cnica, exactitud, veracidad, validez o legalidad de sitios ajenos a su propiedad a los que se pueda acceder por medio de los enlaces.<br \/>CONSULTAS MEDICAS NORTE DE MALLORCA SL declara haber adoptado todas las medidas necesarias para evitar cualquier da\u00f1o a los usuarios de su sitio web, que pudieran derivarse de la navegaci\u00f3n por su sitio web. En consecuencia, CONSULTAS MEDICAS NORTE DE MALLORCA SL no se hace responsable, en ning\u00fan caso, de los eventuales da\u00f1os que por la navegaci\u00f3n por Internet pudiera sufrir el usuario.<\/p>\n<p><strong>MODIFICACIONES<\/strong><\/p>\n<p>CONSULTAS MEDICAS NORTE DE MALLORCA SL se reserva el derecho a realizar las modificaciones que considere oportunas, sin aviso previo, en el contenido de su sitio web. Tanto en lo referente a los contenidos del sitio web, como en las condiciones de uso del mismo, o en las condiciones generales de contrataci\u00f3n. Dichas modificaciones podr\u00e1n realizarse a trav\u00e9s de su sitio web por cualquier forma admisible en derecho y ser\u00e1n de obligado cumplimiento durante el tiempo en que se encuentren publicadas en el web y hasta que no sean modificadas v\u00e1lidamente por otras posteriores.<\/p>\n<p><strong>PROPIEDAD INTELECTUAL E INDUSTRIAL<\/strong><\/p>\n<p>CONSULTAS MEDICAS NORTE DE MALLORCA SL por s\u00ed misma o como cesionaria, es titular de todos los derechos de propiedad intelectual e industrial de su p\u00e1gina web, as\u00ed como de los elementos contenidos en la misma (a t\u00edtulo enunciativo, im\u00e1genes, sonido, audio, v\u00eddeo, software o textos; marcas o logotipos, combinaciones de colores, estructura y dise\u00f1o, selecci\u00f3n de materiales usados, programas de ordenador necesarios para su funcionamiento, acceso y uso, etc.), titularidad de CONSULTAS MEDICAS NORTE DE MALLORCA SL. Ser\u00e1n, por consiguiente, obras protegidas como propiedad intelectual por el ordenamiento jur\u00eddico espa\u00f1ol, si\u00e9ndoles aplicables tanto la normativa espa\u00f1ola y comunitaria en este campo, como los tratados internacionales relativos a la materia y suscritos por Espa\u00f1a.<\/p>\n<p>Todos los derechos reservados. En virtud de lo dispuesto en la Ley de Propiedad Intelectual, quedan expresamente prohibidas la reproducci\u00f3n, la distribuci\u00f3n y la comunicaci\u00f3n p\u00fablica, incluida su modalidad de puesta a disposici\u00f3n, de la totalidad o parte de los contenidos de esta p\u00e1gina web, con fines comerciales, en cualquier soporte y por cualquier medio t\u00e9cnico, sin la autorizaci\u00f3n de CONSULTAS MEDICAS NORTE DE MALLORCA SL.<\/p>\n<p>El usuario se compromete a respetar los derechos de Propiedad Intelectual e Industrial titularidad de CONSULTAS MEDICAS NORTE DE MALLORCA SL. Podr\u00e1 visualizar los elementos del portal e incluso imprimirlos, copiarlos y almacenarlos en el disco duro de su ordenador o en cualquier otro soporte f\u00edsico siempre y cuando sea, \u00fanica y exclusivamente, para su uso personal y privado. El usuario deber\u00e1 abstenerse de suprimir, alterar, eludir o manipular cualquier dispositivo de protecci\u00f3n o sistema de seguridad que estuviera instalado en las p\u00e1ginas de CONSULTAS MEDICAS NORTE DE MALLORCA SL.<\/p>\n<p><strong>CERTIFICADO SSL (SECURE SOCKETS LAYER)<\/strong><\/p>\n<p>El CERTIFICADO SSL proporciona autenticaci\u00f3n, privacidad y seguridad de la informaci\u00f3n entre CONSULTAS MEDICAS NORTE DE MALLORCA SL y el usuario.<\/p>\n<p>CONSULTAS MEDICAS NORTE DE MALLORCA SL dispone de un certificado de seguridad que se utiliza por CERTIFICADO SSL para realizar conexiones seguras.<\/p>\n<p>En este proceso se establecen varios par\u00e1metros para realizar la conexi\u00f3n de forma segura y se establece usando llaves preestablecidas, codificando y descodificando todos los datos enviados hasta que la conexi\u00f3n sea cerrada.<\/p>\n<p><strong>ACCIONES LEGALES , LEGISLACI\u00d3N APLICABLE Y JURISDICCI\u00d3N<\/strong><\/p>\n<p>CONSULTAS MEDICAS NORTE DE MALLORCA SL se reserva, asimismo, la facultad de presentar las acciones civiles o penales que considere oportunas por la utilizaci\u00f3n indebida de su sitio web y contenidos, o por el incumplimiento de las presentes condiciones.<\/p>\n<p>La relaci\u00f3n entre el usuario y el prestador se regir\u00e1 por la normativa vigente y de aplicaci\u00f3n en el territorio espa\u00f1ol. De surgir cualquier controversia las partes podr\u00e1n someter sus conflictos a arbitraje o acudir a la jurisdicci\u00f3n ordinaria cumpliendo con las normas sobre jurisdicci\u00f3n y competencia al respecto. CONSULTAS MEDICAS NORTE DE MALLORCA SL tiene su domicilio en ILLES BALEARS, Espa\u00f1a.<\/p>\n<p>Los contratos celebrados por v\u00eda electr\u00f3nica en los que intervenga como parte un consumidor se presumir\u00e1n celebrados en el lugar en que \u00e9ste tenga su residencia habitual.<\/p>\n<p>Los contratos electr\u00f3nicos entre empresarios o profesionales, en defecto de pacto entre las partes, se presumir\u00e1n celebrados en el lugar en que est\u00e9 establecido el prestador de servicios.<\/p>\n<p>Resoluci\u00f3n de litigios en l\u00ednea conforme al Art. 14.1 del Reglamento (UE) 524\/2013: La Comisi\u00f3n Europea facilita una plataforma de resoluci\u00f3n de litigios en l\u00ednea, la cual se encuentra disponible en el siguiente enlace: https:\/\/ec.europa.eu\/consumers\/odr\/<\/p>\n<p>\u00daLTIMA ACTUALIZACI\u00d3N: 26 de enero de 2022<\/p>\n","protected":false},"excerpt":{"rendered":"","protected":false},"author":1,"featured_media":0,"parent":0,"menu_order":0,"comment_status":"closed","ping_status":"closed","template":"","meta":{"_acf_changed":false,"footnotes":""},"class_list":["post-1449","page","type-page","status-publish","hentry"],"acf":[],"yoast_head":"<!-- This site is optimized with the Yoast SEO plugin v24.6 - https:\/\/yoast.com\/wordpress\/plugins\/seo\/ -->\n<title>Legal Notice - Medinord: Your Online Medical Guide<\/title>\n<meta name=\"description\" content=\"Medinord: Your online medical guide. Find accurate information, consult experts and access quality services. Improve your well-being now!\" \/>\n<meta name=\"robots\" content=\"index, follow, max-snippet:-1, max-image-preview:large, max-video-preview:-1\" \/>\n<link rel=\"canonical\" href=\"https:\/\/medinord.net\/en\/legal-notice\/\" \/>\n<meta property=\"og:locale\" content=\"en_US\" \/>\n<meta property=\"og:type\" content=\"article\" \/>\n<meta property=\"og:title\" content=\"Legal Notice - Medinord: Your Online Medical Guide\" \/>\n<meta property=\"og:description\" content=\"Medinord: Your online medical guide. Find accurate information, consult experts and access quality services. Improve your well-being now!\" \/>\n<meta property=\"og:url\" content=\"https:\/\/medinord.net\/en\/legal-notice\/\" \/>\n<meta property=\"og:site_name\" content=\"Medinord\" \/>\n<meta property=\"article:modified_time\" content=\"2023-08-16T13:57:54+00:00\" \/>\n<meta name=\"twitter:card\" content=\"summary_large_image\" \/>\n<meta name=\"twitter:label1\" content=\"Est. reading time\" \/>\n\t<meta name=\"twitter:data1\" content=\"6 minutes\" \/>\n<script type=\"application\/ld+json\" class=\"yoast-schema-graph\">{\"@context\":\"https:\/\/schema.org\",\"@graph\":[{\"@type\":\"WebPage\",\"@id\":\"https:\/\/medinord.net\/en\/legal-notice\/\",\"url\":\"https:\/\/medinord.net\/en\/legal-notice\/\",\"name\":\"Legal Notice - Medinord: Your Online Medical Guide\",\"isPartOf\":{\"@id\":\"https:\/\/medinord.net\/en\/#website\"},\"datePublished\":\"2023-08-16T13:38:07+00:00\",\"dateModified\":\"2023-08-16T13:57:54+00:00\",\"description\":\"Medinord: Your online medical guide. Find accurate information, consult experts and access quality services. Improve your well-being now!\",\"breadcrumb\":{\"@id\":\"https:\/\/medinord.net\/en\/legal-notice\/#breadcrumb\"},\"inLanguage\":\"en-US\",\"potentialAction\":[{\"@type\":\"ReadAction\",\"target\":[\"https:\/\/medinord.net\/en\/legal-notice\/\"]}]},{\"@type\":\"BreadcrumbList\",\"@id\":\"https:\/\/medinord.net\/en\/legal-notice\/#breadcrumb\",\"itemListElement\":[{\"@type\":\"ListItem\",\"position\":1,\"name\":\"Portada\",\"item\":\"https:\/\/medinord.net\/en\/\"},{\"@type\":\"ListItem\",\"position\":2,\"name\":\"Legal Notice\"}]},{\"@type\":\"WebSite\",\"@id\":\"https:\/\/medinord.net\/en\/#website\",\"url\":\"https:\/\/medinord.net\/en\/\",\"name\":\"Medinord\",\"description\":\"\",\"potentialAction\":[{\"@type\":\"SearchAction\",\"target\":{\"@type\":\"EntryPoint\",\"urlTemplate\":\"https:\/\/medinord.net\/en\/?s={search_term_string}\"},\"query-input\":{\"@type\":\"PropertyValueSpecification\",\"valueRequired\":true,\"valueName\":\"search_term_string\"}}],\"inLanguage\":\"en-US\"}]}<\/script>\n<!-- \/ Yoast SEO plugin. -->","yoast_head_json":{"title":"Legal Notice - Medinord: Your Online Medical Guide","description":"Medinord: Your online medical guide. Find accurate information, consult experts and access quality services. Improve your well-being now!","robots":{"index":"index","follow":"follow","max-snippet":"max-snippet:-1","max-image-preview":"max-image-preview:large","max-video-preview":"max-video-preview:-1"},"canonical":"https:\/\/medinord.net\/en\/legal-notice\/","og_locale":"en_US","og_type":"article","og_title":"Legal Notice - Medinord: Your Online Medical Guide","og_description":"Medinord: Your online medical guide. Find accurate information, consult experts and access quality services. Improve your well-being now!","og_url":"https:\/\/medinord.net\/en\/legal-notice\/","og_site_name":"Medinord","article_modified_time":"2023-08-16T13:57:54+00:00","twitter_card":"summary_large_image","twitter_misc":{"Est. reading time":"6 minutes"},"schema":{"@context":"https:\/\/schema.org","@graph":[{"@type":"WebPage","@id":"https:\/\/medinord.net\/en\/legal-notice\/","url":"https:\/\/medinord.net\/en\/legal-notice\/","name":"Legal Notice - Medinord: Your Online Medical Guide","isPartOf":{"@id":"https:\/\/medinord.net\/en\/#website"},"datePublished":"2023-08-16T13:38:07+00:00","dateModified":"2023-08-16T13:57:54+00:00","description":"Medinord: Your online medical guide. Find accurate information, consult experts and access quality services. Improve your well-being now!","breadcrumb":{"@id":"https:\/\/medinord.net\/en\/legal-notice\/#breadcrumb"},"inLanguage":"en-US","potentialAction":[{"@type":"ReadAction","target":["https:\/\/medinord.net\/en\/legal-notice\/"]}]},{"@type":"BreadcrumbList","@id":"https:\/\/medinord.net\/en\/legal-notice\/#breadcrumb","itemListElement":[{"@type":"ListItem","position":1,"name":"Portada","item":"https:\/\/medinord.net\/en\/"},{"@type":"ListItem","position":2,"name":"Legal Notice"}]},{"@type":"WebSite","@id":"https:\/\/medinord.net\/en\/#website","url":"https:\/\/medinord.net\/en\/","name":"Medinord","description":"","potentialAction":[{"@type":"SearchAction","target":{"@type":"EntryPoint","urlTemplate":"https:\/\/medinord.net\/en\/?s={search_term_string}"},"query-input":{"@type":"PropertyValueSpecification","valueRequired":true,"valueName":"search_term_string"}}],"inLanguage":"en-US"}]}},"_links":{"self":[{"href":"https:\/\/medinord.net\/en\/wp-json\/wp\/v2\/pages\/1449","targetHints":{"allow":["GET"]}}],"collection":[{"href":"https:\/\/medinord.net\/en\/wp-json\/wp\/v2\/pages"}],"about":[{"href":"https:\/\/medinord.net\/en\/wp-json\/wp\/v2\/types\/page"}],"author":[{"embeddable":true,"href":"https:\/\/medinord.net\/en\/wp-json\/wp\/v2\/users\/1"}],"replies":[{"embeddable":true,"href":"https:\/\/medinord.net\/en\/wp-json\/wp\/v2\/comments?post=1449"}],"version-history":[{"count":3,"href":"https:\/\/medinord.net\/en\/wp-json\/wp\/v2\/pages\/1449\/revisions"}],"predecessor-version":[{"id":1452,"href":"https:\/\/medinord.net\/en\/wp-json\/wp\/v2\/pages\/1449\/revisions\/1452"}],"wp:attachment":[{"href":"https:\/\/medinord.net\/en\/wp-json\/wp\/v2\/media?parent=1449"}],"curies":[{"name":"wp","href":"https:\/\/api.w.org\/{rel}","templated":true}]}}